{"id":27,"date":"2018-01-16T19:16:36","date_gmt":"2018-01-16T18:16:36","guid":{"rendered":"http:\/\/www.artcam.tv\/?page_id=27"},"modified":"2018-03-15T23:11:00","modified_gmt":"2018-03-15T22:11:00","slug":"technic","status":"publish","type":"page","link":"https:\/\/www.artcam.tv\/?page_id=27","title":{"rendered":"Technics"},"content":{"rendered":"<p>M\u00f6glicherweise bist du k\u00fcnstlerisch t\u00e4tig und m\u00f6chtest dich und deine Arbeiten hier vorstellen. Oder hast du vielleicht ein Business mit einer Mission, die es zu beschreiben gilt?<\/p>\n","protected":false},"excerpt":{"rendered":"<p>M\u00f6glicherweise bist du k\u00fcnstlerisch t\u00e4tig und m\u00f6chtest dich und deine Arbeiten hier vorstellen. Oder hast du vielleicht ein Business mit einer Mission, die es zu beschreiben gilt?<\/p>\n","protected":false},"author":1,"featured_media":0,"parent":0,"menu_order":0,"comment_status":"closed","ping_status":"closed","template":"","meta":{"footnotes":""},"class_list":["post-27","page","type-page","status-publish","hentry","blog-left-layout","blog-style-postblock","","blog-alt-odd"],"_links":{"self":[{"href":"https:\/\/www.artcam.tv\/index.php?rest_route=\/wp\/v2\/pages\/27","targetHints":{"allow":["GET"]}}],"collection":[{"href":"https:\/\/www.artcam.tv\/index.php?rest_route=\/wp\/v2\/pages"}],"about":[{"href":"https:\/\/www.artcam.tv\/index.php?rest_route=\/wp\/v2\/types\/page"}],"author":[{"embeddable":true,"href":"https:\/\/www.artcam.tv\/index.php?rest_route=\/wp\/v2\/users\/1"}],"replies":[{"embeddable":true,"href":"https:\/\/www.artcam.tv\/index.php?rest_route=%2Fwp%2Fv2%2Fcomments&post=27"}],"version-history":[{"count":3,"href":"https:\/\/www.artcam.tv\/index.php?rest_route=\/wp\/v2\/pages\/27\/revisions"}],"predecessor-version":[{"id":145,"href":"https:\/\/www.artcam.tv\/index.php?rest_route=\/wp\/v2\/pages\/27\/revisions\/145"}],"wp:attachment":[{"href":"https:\/\/www.artcam.tv\/index.php?rest_route=%2Fwp%2Fv2%2Fmedia&parent=27"}],"curies":[{"name":"wp","href":"https:\/\/api.w.org\/{rel}","templated":true}]}}